{"id":907,"date":"2016-08-14T09:10:22","date_gmt":"2016-08-14T09:10:22","guid":{"rendered":"http:\/\/ranchorandevu.lv\/lv\/attractions\/"},"modified":"2018-02-18T22:12:50","modified_gmt":"2018-02-18T22:12:50","slug":"attractions","status":"publish","type":"page","link":"https:\/\/ranchorandevu.lv\/lv\/attractions\/","title":{"rendered":"Attractions"},"content":{"rendered":"<div id='full_slider_1'  class='avia-fullwidth-slider main_color avia-shadow   avia-builder-el-0  el_before_av_section  avia-builder-el-first   container_wrap sidebar_right' style=' '  ><div   data-size='no scaling'  data-lightbox_size='large'  data-animation='fade'  data-conditional_play=''  data-ids='886,887'  data-video_counter='0'  data-autoplay='true'  data-bg_slider='false'  data-slide_height=''  data-handle='av_slideshow_full'  data-interval='10'  data-class=' '  data-el_id=''  data-css_id=''  data-scroll_down=''  data-control_layout='av-control-hidden'  data-custom_markup=''  data-perma_caption=''  data-autoplay_stopper=''  data-image_attachment=''  data-min_height='0px'  data-lazy_loading='disabled'  data-src=''  data-position='top left'  data-repeat='no-repeat'  data-attach='scroll'  data-stretch=''  class='avia-slideshow avia-slideshow-1  av-control-hidden av-default-height-applied avia-slideshow-no scaling av_slideshow_full   avia-fade-slider '  itemprop=\"image\" itemscope=\"itemscope\" itemtype=\"https:\/\/schema.org\/ImageObject\" ><ul class='avia-slideshow-inner ' style='padding-bottom: 17.5%;' ><li  class=' slide-1 ' ><div data-rel='slideshow-1' class='avia-slide-wrap '   ><img decoding=\"async\" class=\"wp-image-9612 avia-img-lazy-loading-not-9612\"  src=\"https:\/\/ranchorandevu.lv\/wp-content\/uploads\/2016\/08\/attraction-slider-2.jpg\" width=\"2000\" height=\"350\" title='attraction-slider-2' alt=''  itemprop=\"thumbnailUrl\" srcset=\"https:\/\/ranchorandevu.lv\/wp-content\/uploads\/2016\/08\/attraction-slider-2.jpg 2000w, https:\/\/ranchorandevu.lv\/wp-content\/uploads\/2016\/08\/attraction-slider-2-300x53.jpg 300w, https:\/\/ranchorandevu.lv\/wp-content\/uploads\/2016\/08\/attraction-slider-2-768x134.jpg 768w, https:\/\/ranchorandevu.lv\/wp-content\/uploads\/2016\/08\/attraction-slider-2-1030x180.jpg 1030w, https:\/\/ranchorandevu.lv\/wp-content\/uploads\/2016\/08\/attraction-slider-2-1500x263.jpg 1500w, https:\/\/ranchorandevu.lv\/wp-content\/uploads\/2016\/08\/attraction-slider-2-705x123.jpg 705w, https:\/\/ranchorandevu.lv\/wp-content\/uploads\/2016\/08\/attraction-slider-2-450x79.jpg 450w\" sizes=\"(max-width: 2000px) 100vw, 2000px\" \/><\/div><\/li><li  class=' slide-2 ' ><div data-rel='slideshow-1' class='avia-slide-wrap '   ><img decoding=\"async\" class=\"wp-image-9614 avia-img-lazy-loading-not-9614\"  src=\"https:\/\/ranchorandevu.lv\/wp-content\/uploads\/2016\/08\/attraction-slider-3.jpg\" width=\"2000\" height=\"350\" title='attraction-slider-3' alt=''  itemprop=\"thumbnailUrl\" srcset=\"https:\/\/ranchorandevu.lv\/wp-content\/uploads\/2016\/08\/attraction-slider-3.jpg 2000w, https:\/\/ranchorandevu.lv\/wp-content\/uploads\/2016\/08\/attraction-slider-3-300x53.jpg 300w, https:\/\/ranchorandevu.lv\/wp-content\/uploads\/2016\/08\/attraction-slider-3-768x134.jpg 768w, https:\/\/ranchorandevu.lv\/wp-content\/uploads\/2016\/08\/attraction-slider-3-1030x180.jpg 1030w, https:\/\/ranchorandevu.lv\/wp-content\/uploads\/2016\/08\/attraction-slider-3-1500x263.jpg 1500w, https:\/\/ranchorandevu.lv\/wp-content\/uploads\/2016\/08\/attraction-slider-3-705x123.jpg 705w, https:\/\/ranchorandevu.lv\/wp-content\/uploads\/2016\/08\/attraction-slider-3-450x79.jpg 450w\" sizes=\"(max-width: 2000px) 100vw, 2000px\" \/><\/div><\/li><\/ul><div class='avia-slideshow-arrows avia-slideshow-controls'><a href='#prev' class='prev-slide' aria-hidden='true' data-av_icon='\ue87c' data-av_iconfont='entypo-fontello' aria-hidden=\"true\" tabindex=\"-1\">Previous<\/a><a href='#next' class='next-slide' aria-hidden='true' data-av_icon='\ue87d' data-av_iconfont='entypo-fontello' aria-hidden=\"true\" tabindex=\"-1\">Next<\/a><\/div><div class='avia-slideshow-dots avia-slideshow-controls'><a href='#1' class='goto-slide active' >1<\/a><a href='#2' class='goto-slide ' >2<\/a><\/div><\/div><\/div>\n<div id='av_section_1'  class='avia-section main_color avia-section-default avia-no-shadow  avia-bg-style-scroll  avia-builder-el-1  el_after_av_slideshow_full  avia-builder-el-last   container_wrap sidebar_right' style=' '  ><div class='container' ><div class='template-page content  av-content-small alpha units'><div class='post-entry post-entry-type-page post-entry-907'><div class='entry-content-wrapper clearfix'>\n<div  style='padding-bottom:10px; ' class='av-special-heading av-special-heading-h1  blockquote modern-quote modern-centered  avia-builder-el-2  el_before_av_hr  avia-builder-el-first  '><h1 class='av-special-heading-tag '  itemprop=\"headline\"  >Iev\u0113rojam\u0101s Vietas<\/h1><div class='special-heading-border'><div class='special-heading-inner-border' ><\/div><\/div><\/div>\n<div   class='hr hr-default   avia-builder-el-3  el_after_av_heading  el_before_av_one_half '><span class='hr-inner ' ><span class='hr-inner-style'><\/span><\/span><\/div>\n<div class=\"flex_column av_one_half  flex_column_div av-zero-column-padding first  avia-builder-el-4  el_after_av_hr  el_before_av_one_half  \" style='border-radius:0px; '><article  class=\"iconbox iconbox_left    avia-builder-el-5  el_before_av_icon_box  avia-builder-el-first  \"  itemscope=\"itemscope\" itemtype=\"https:\/\/schema.org\/CreativeWork\" ><div class=\"iconbox_content\"><header class=\"entry-content-header\"><div class=\"iconbox_icon heading-color\" aria-hidden='true' data-av_icon='\ue80f' data-av_iconfont='entypo-fontello'  ><\/div><h3 class='iconbox_content_title  '  itemprop=\"headline\"  >Pied\u0101v\u0101jam izbaud\u012bt unik\u0101lu apskates vietu apmekl\u0113jumu<\/h3><\/header><div class='iconbox_content_container  '  itemprop=\"text\"  ><p style=\"text-align: justify;\">Tik dai\u013cas vietas atrodas tikai 1,5 kilometru att\u0101lum\u0101 no m\u016bsu atp\u016btas b\u0101zes:<\/p>\n<ul>\n<li style=\"text-align: justify;\">Kokneses pilsdrupas<\/li>\n<li style=\"text-align: justify;\">\u013boti skaists Kokneses pils\u0113tas parks<\/li>\n<li style=\"text-align: justify;\">Likte\u0146d\u0101rzs<\/li>\n<li style=\"text-align: justify;\">&#8220;Zemit\u0101ni&#8221; &#8211; eksotiskais brie\u017eu d\u0101rzs un safari-parks<\/li>\n<li style=\"text-align: justify;\">Kokneses luter\u0101\u0146u bazn\u012bca<\/li>\n<\/ul>\n<\/div><\/div><footer class=\"entry-footer\"><\/footer><\/article><br \/>\n<article  class=\"iconbox iconbox_left    avia-builder-el-6  el_after_av_icon_box  avia-builder-el-last  \"  itemscope=\"itemscope\" itemtype=\"https:\/\/schema.org\/CreativeWork\" ><div class=\"iconbox_content\"><header class=\"entry-content-header\"><div class=\"iconbox_icon heading-color\" aria-hidden='true' data-av_icon='\ue82a' data-av_iconfont='entypo-fontello'  ><\/div><h3 class='iconbox_content_title  '  itemprop=\"headline\"  >Aicinam m\u016bsu viesus doties braucien\u0101 ar:<\/h3><\/header><div class='iconbox_content_container  '  itemprop=\"text\"  ><ul>\n<li style=\"text-align: justify;\">Vikingu laivu <em>(brauciena maksa: 8 eiro pieaugu\u0161ajiem, 5 eiro b\u0113rniem un pension\u0101riem);<\/em><\/li>\n<li style=\"text-align: justify;\">upes ku\u0123\u012bti l\u012bdz Likte\u0146d\u0101rzam <em>(maksa: 4 eiro par cilv\u0113ku), <\/em>par parka un pilsdrupu apmekl\u0113\u0161anu ir j\u0101maks\u0101 atsevi\u0161\u0137i;<\/li>\n<li style=\"text-align: justify;\">zirgiem;<\/li>\n<li style=\"text-align: justify;\">divrite\u0146iem;<\/li>\n<li style=\"text-align: justify;\">airu laivu vai katamar\u0101nu pa Perses upi un Daugavu.<\/li>\n<li>izklaides parks \u201cAv\u0101rijas brig\u0101de\u201d<\/li>\n<\/ul>\n<p style=\"text-align: right;\"><a href=\"https:\/\/www.ss.lv\/msg\/ru\/entertainment\/tourism\/rest-houses\/VHQMGUpnQFs=.html?1470949267\" target=\"_blank\" rel=\"noopener\">PAS\u016aT\u012aT BRAUCIENUS VAR \u0160EIT<\/a><\/p>\n<\/div><\/div><footer class=\"entry-footer\"><\/footer><\/article><\/p><\/div><div class=\"flex_column av_one_half  flex_column_div av-zero-column-padding   avia-builder-el-7  el_after_av_one_half  avia-builder-el-last  \" style='border-radius:0px; '><div   data-size='gallery'  data-lightbox_size='large'  data-animation='slide'  data-conditional_play=''  data-ids='892,893,894,895,896'  data-video_counter='0'  data-autoplay='true'  data-bg_slider='false'  data-slide_height=''  data-handle='av_slideshow'  data-interval='5'  data-class=' avia-builder-el-8  avia-builder-el-no-sibling  '  data-el_id=''  data-css_id=''  data-scroll_down=''  data-control_layout=''  data-custom_markup=''  data-perma_caption=''  data-autoplay_stopper=''  data-image_attachment=''  data-min_height='0px'  data-lazy_loading='disabled'  data-default-height='80.94674556213'  class='avia-slideshow avia-slideshow-2  av-default-height-applied avia-slideshow-gallery av_slideshow  avia-builder-el-8  avia-builder-el-no-sibling   avia-slide-slider '  itemprop=\"image\" itemscope=\"itemscope\" itemtype=\"https:\/\/schema.org\/ImageObject\" ><ul class='avia-slideshow-inner ' style='padding-bottom: 80.94674556213%;' ><li  class=' slide-1 ' ><div data-rel='slideshow-2' class='avia-slide-wrap '   ><div class=\"avia-caption av-slideshow-caption\"><div class=\"avia-inner-caption\"><h2  class='avia-caption-title  '  itemprop=\"name\" >Kokneses pilsdrupas<\/h2><div class='avia-caption-content  '  itemprop=\"description\"  ><p>Vecas Pilsdrupas pie Kokneses<\/p>\n<\/div><\/div><\/div><img decoding=\"async\" class=\"wp-image-9616 avia-img-lazy-loading-not-9616\"  src=\"https:\/\/ranchorandevu.lv\/wp-content\/uploads\/2016\/08\/Koknesskij-Zamok-845x684.jpg\" width=\"845\" height=\"684\" title='\u041a\u043e\u043a\u043d\u0435\u0441\u0441\u043a\u0438\u0439 \u0417\u0430\u043c\u043e\u043a' alt=''  itemprop=\"thumbnailUrl\" srcset=\"https:\/\/ranchorandevu.lv\/wp-content\/uploads\/2016\/08\/Koknesskij-Zamok-845x684.jpg 845w, https:\/\/ranchorandevu.lv\/wp-content\/uploads\/2016\/08\/Koknesskij-Zamok-495x400.jpg 495w\" sizes=\"(max-width: 845px) 100vw, 845px\" \/><\/div><\/li><li  class=' slide-2 ' ><div data-rel='slideshow-2' class='avia-slide-wrap '   ><div class=\"avia-caption av-slideshow-caption\"><div class=\"avia-inner-caption\"><h2  class='avia-caption-title  '  itemprop=\"name\" >Likte\u0146d\u0101rzs<\/h2><div class='avia-caption-content  '  itemprop=\"description\"  ><p>Skaists d\u0101rzs ar interesantu arhitekt\u016bru<\/p>\n<\/div><\/div><\/div><img decoding=\"async\" class=\"wp-image-9618 avia-img-lazy-loading-not-9618\"  src=\"https:\/\/ranchorandevu.lv\/wp-content\/uploads\/2016\/08\/Liktendarz-845x684.jpg\" width=\"845\" height=\"684\" title='\u041b\u0438\u043a\u0442\u0435\u043d\u0434\u0430\u0440\u0437' alt=''  itemprop=\"thumbnailUrl\" srcset=\"https:\/\/ranchorandevu.lv\/wp-content\/uploads\/2016\/08\/Liktendarz-845x684.jpg 845w, https:\/\/ranchorandevu.lv\/wp-content\/uploads\/2016\/08\/Liktendarz-495x400.jpg 495w\" sizes=\"(max-width: 845px) 100vw, 845px\" \/><\/div><\/li><li  class=' slide-3 ' ><div data-rel='slideshow-2' class='avia-slide-wrap '   ><div class=\"avia-caption av-slideshow-caption\"><div class=\"avia-inner-caption\"><h2  class='avia-caption-title  '  itemprop=\"name\" >Vikingu laiva<\/h2><div class='avia-caption-content  '  itemprop=\"description\"  ><p>Saj\u016bti zieme\u013cu v\u0113ju!<\/p>\n<\/div><\/div><\/div><img decoding=\"async\" class=\"wp-image-9620 avia-img-lazy-loading-not-9620\"  src=\"https:\/\/ranchorandevu.lv\/wp-content\/uploads\/2016\/08\/Lodka-Vikingov-845x684.jpeg\" width=\"845\" height=\"684\" title='\u041b\u043e\u0434\u043a\u0430 \u0412\u0438\u043a\u0438\u043d\u0433\u043e\u0432' alt=''  itemprop=\"thumbnailUrl\" srcset=\"https:\/\/ranchorandevu.lv\/wp-content\/uploads\/2016\/08\/Lodka-Vikingov-845x684.jpeg 845w, https:\/\/ranchorandevu.lv\/wp-content\/uploads\/2016\/08\/Lodka-Vikingov-495x400.jpeg 495w\" sizes=\"(max-width: 845px) 100vw, 845px\" \/><\/div><\/li><li  class=' slide-4 ' ><div data-rel='slideshow-2' class='avia-slide-wrap '   ><div class=\"avia-caption av-slideshow-caption\"><div class=\"avia-inner-caption\"><h2  class='avia-caption-title  '  itemprop=\"name\" >\u201cZemit\u0101ni\u201d<\/h2><div class='avia-caption-content  '  itemprop=\"description\"  ><p>Eksotiskais brie\u017eu d\u0101rzs un safari-parks<\/p>\n<\/div><\/div><\/div><img decoding=\"async\" class=\"wp-image-9622 avia-img-lazy-loading-not-9622\"  src=\"https:\/\/ranchorandevu.lv\/wp-content\/uploads\/2016\/08\/Olenij-Sad-845x684.jpg\" width=\"845\" height=\"684\" title='\u041e\u043b\u0435\u043d\u0438\u0439 \u0421\u0430\u0434' alt=''  itemprop=\"thumbnailUrl\" srcset=\"https:\/\/ranchorandevu.lv\/wp-content\/uploads\/2016\/08\/Olenij-Sad-845x684.jpg 845w, https:\/\/ranchorandevu.lv\/wp-content\/uploads\/2016\/08\/Olenij-Sad-495x400.jpg 495w\" sizes=\"(max-width: 845px) 100vw, 845px\" \/><\/div><\/li><\/ul><div class='avia-slideshow-arrows avia-slideshow-controls'><a href='#prev' class='prev-slide' aria-hidden='true' data-av_icon='\ue87c' data-av_iconfont='entypo-fontello' aria-hidden=\"true\" tabindex=\"-1\">Previous<\/a><a href='#next' class='next-slide' aria-hidden='true' data-av_icon='\ue87d' data-av_iconfont='entypo-fontello' aria-hidden=\"true\" tabindex=\"-1\">Next<\/a><\/div><div class='avia-slideshow-dots avia-slideshow-controls'><a href='#1' class='goto-slide active' >1<\/a><a href='#2' class='goto-slide ' >2<\/a><a href='#3' class='goto-slide ' >3<\/a><a href='#4' class='goto-slide ' >4<\/a><\/div><\/div><\/div><\/div><\/div><\/div><!-- close content main div --><\/div><\/div><div id='after_section_1'  class='main_color av_default_container_wrap container_wrap sidebar_right' style=' '  ><div class='container' ><div class='template-page content  av-content-small alpha units'><div class='post-entry post-entry-type-page post-entry-907'><div class='entry-content-wrapper clearfix'>\n","protected":false},"excerpt":{"rendered":"","protected":false},"author":4,"featured_media":0,"parent":0,"menu_order":0,"comment_status":"closed","ping_status":"closed","template":"","meta":{"footnotes":""},"_links":{"self":[{"href":"https:\/\/ranchorandevu.lv\/lv\/wp-json\/wp\/v2\/pages\/907"}],"collection":[{"href":"https:\/\/ranchorandevu.lv\/lv\/wp-json\/wp\/v2\/pages"}],"about":[{"href":"https:\/\/ranchorandevu.lv\/lv\/wp-json\/wp\/v2\/types\/page"}],"author":[{"embeddable":true,"href":"https:\/\/ranchorandevu.lv\/lv\/wp-json\/wp\/v2\/users\/4"}],"replies":[{"embeddable":true,"href":"https:\/\/ranchorandevu.lv\/lv\/wp-json\/wp\/v2\/comments?post=907"}],"version-history":[{"count":1,"href":"https:\/\/ranchorandevu.lv\/lv\/wp-json\/wp\/v2\/pages\/907\/revisions"}],"predecessor-version":[{"id":9245,"href":"https:\/\/ranchorandevu.lv\/lv\/wp-json\/wp\/v2\/pages\/907\/revisions\/9245"}],"wp:attachment":[{"href":"https:\/\/ranchorandevu.lv\/lv\/wp-json\/wp\/v2\/media?parent=907"}],"curies":[{"name":"wp","href":"https:\/\/api.w.org\/{rel}","templated":true}]}}