{"id":10384,"date":"2021-07-06T13:11:22","date_gmt":"2021-07-06T13:11:22","guid":{"rendered":"https:\/\/ranchorandevu.lv\/?page_id=10384"},"modified":"2021-07-06T13:59:41","modified_gmt":"2021-07-06T13:59:41","slug":"kur-paest","status":"publish","type":"page","link":"https:\/\/ranchorandevu.lv\/lv\/kur-paest\/","title":{"rendered":"Kur pa\u0113st?"},"content":{"rendered":"<div id='full_slider_1'  class='avia-fullwidth-slider main_color avia-shadow   avia-builder-el-0  el_before_av_one_full  avia-builder-el-first   container_wrap sidebar_right' style=' '  ><div   data-size='no scaling'  data-lightbox_size='large'  data-animation='fade'  data-conditional_play=''  data-ids='9545,9551,9547'  data-video_counter='0'  data-autoplay='false'  data-bg_slider='false'  data-slide_height=''  data-handle='av_slideshow_full'  data-interval='5'  data-class=' '  data-el_id=''  data-css_id=''  data-scroll_down=''  data-control_layout='av-control-hidden'  data-custom_markup=''  data-perma_caption=''  data-autoplay_stopper=''  data-image_attachment=''  data-min_height='0px'  data-lazy_loading='disabled'  data-src=''  data-position='top left'  data-repeat='no-repeat'  data-attach='scroll'  data-stretch=''  class='avia-slideshow avia-slideshow-1  av-control-hidden av-default-height-applied avia-slideshow-no scaling av_slideshow_full   avia-fade-slider '  itemprop=\"image\" itemscope=\"itemscope\" itemtype=\"https:\/\/schema.org\/ImageObject\" ><ul class='avia-slideshow-inner ' style='padding-bottom: 17.5%;' ><li  class=' slide-1 ' ><div data-rel='slideshow-1' class='avia-slide-wrap '   ><img decoding=\"async\" class=\"wp-image-9544 avia-img-lazy-loading-not-9544\"  src=\"https:\/\/ranchorandevu.lv\/wp-content\/uploads\/2016\/07\/slider-houses-1.jpg\" width=\"2000\" height=\"350\" title='' alt=''  itemprop=\"thumbnailUrl\" srcset=\"https:\/\/ranchorandevu.lv\/wp-content\/uploads\/2016\/07\/slider-houses-1.jpg 2000w, https:\/\/ranchorandevu.lv\/wp-content\/uploads\/2016\/07\/slider-houses-1-300x53.jpg 300w, https:\/\/ranchorandevu.lv\/wp-content\/uploads\/2016\/07\/slider-houses-1-768x134.jpg 768w, https:\/\/ranchorandevu.lv\/wp-content\/uploads\/2016\/07\/slider-houses-1-1030x180.jpg 1030w, https:\/\/ranchorandevu.lv\/wp-content\/uploads\/2016\/07\/slider-houses-1-1500x263.jpg 1500w, https:\/\/ranchorandevu.lv\/wp-content\/uploads\/2016\/07\/slider-houses-1-705x123.jpg 705w, https:\/\/ranchorandevu.lv\/wp-content\/uploads\/2016\/07\/slider-houses-1-450x79.jpg 450w\" sizes=\"(max-width: 2000px) 100vw, 2000px\" \/><\/div><\/li><li  class=' slide-2 ' ><div data-rel='slideshow-1' class='avia-slide-wrap '   ><img decoding=\"async\" class=\"wp-image-9550 avia-img-lazy-loading-not-9550\"  src=\"https:\/\/ranchorandevu.lv\/wp-content\/uploads\/2016\/07\/slider-houses-4.jpg\" width=\"2000\" height=\"350\" title='' alt=''  itemprop=\"thumbnailUrl\" srcset=\"https:\/\/ranchorandevu.lv\/wp-content\/uploads\/2016\/07\/slider-houses-4.jpg 2000w, https:\/\/ranchorandevu.lv\/wp-content\/uploads\/2016\/07\/slider-houses-4-300x53.jpg 300w, https:\/\/ranchorandevu.lv\/wp-content\/uploads\/2016\/07\/slider-houses-4-768x134.jpg 768w, https:\/\/ranchorandevu.lv\/wp-content\/uploads\/2016\/07\/slider-houses-4-1030x180.jpg 1030w, https:\/\/ranchorandevu.lv\/wp-content\/uploads\/2016\/07\/slider-houses-4-1500x263.jpg 1500w, https:\/\/ranchorandevu.lv\/wp-content\/uploads\/2016\/07\/slider-houses-4-705x123.jpg 705w, https:\/\/ranchorandevu.lv\/wp-content\/uploads\/2016\/07\/slider-houses-4-450x79.jpg 450w\" sizes=\"(max-width: 2000px) 100vw, 2000px\" \/><\/div><\/li><li  class=' slide-3 ' ><div data-rel='slideshow-1' class='avia-slide-wrap '   ><img decoding=\"async\" class=\"wp-image-9546 avia-img-lazy-loading-not-9546\"  src=\"https:\/\/ranchorandevu.lv\/wp-content\/uploads\/2016\/07\/slider-houses-2.jpg\" width=\"2000\" height=\"350\" title='' alt=''  itemprop=\"thumbnailUrl\" srcset=\"https:\/\/ranchorandevu.lv\/wp-content\/uploads\/2016\/07\/slider-houses-2.jpg 2000w, https:\/\/ranchorandevu.lv\/wp-content\/uploads\/2016\/07\/slider-houses-2-300x53.jpg 300w, https:\/\/ranchorandevu.lv\/wp-content\/uploads\/2016\/07\/slider-houses-2-768x134.jpg 768w, https:\/\/ranchorandevu.lv\/wp-content\/uploads\/2016\/07\/slider-houses-2-1030x180.jpg 1030w, https:\/\/ranchorandevu.lv\/wp-content\/uploads\/2016\/07\/slider-houses-2-1500x263.jpg 1500w, https:\/\/ranchorandevu.lv\/wp-content\/uploads\/2016\/07\/slider-houses-2-705x123.jpg 705w, https:\/\/ranchorandevu.lv\/wp-content\/uploads\/2016\/07\/slider-houses-2-450x79.jpg 450w\" sizes=\"(max-width: 2000px) 100vw, 2000px\" \/><\/div><\/li><\/ul><div class='avia-slideshow-arrows avia-slideshow-controls'><a href='#prev' class='prev-slide' aria-hidden='true' data-av_icon='\ue87c' data-av_iconfont='entypo-fontello' aria-hidden=\"true\" tabindex=\"-1\">Previous<\/a><a href='#next' class='next-slide' aria-hidden='true' data-av_icon='\ue87d' data-av_iconfont='entypo-fontello' aria-hidden=\"true\" tabindex=\"-1\">Next<\/a><\/div><div class='avia-slideshow-dots avia-slideshow-controls'><a href='#1' class='goto-slide active' >1<\/a><a href='#2' class='goto-slide ' >2<\/a><a href='#3' class='goto-slide ' >3<\/a><\/div><\/div><\/div><div id='after_full_slider_1'  class='main_color av_default_container_wrap container_wrap sidebar_right' style=' '  ><div class='container' ><div class='template-page content  av-content-small alpha units'><div class='post-entry post-entry-type-page post-entry-10384'><div class='entry-content-wrapper clearfix'>\n<div class=\"flex_column av_one_full  flex_column_div av-zero-column-padding first  avia-builder-el-1  el_after_av_slideshow_full  el_before_av_one_half  avia-builder-el-first  \" style='border-radius:0px; '><section class=\"av_textblock_section \"  itemscope=\"itemscope\" itemtype=\"https:\/\/schema.org\/CreativeWork\" ><div class='avia_textblock  '   itemprop=\"text\" ><h1>KUR PA\u0112ST?<\/h1>\n<\/div><\/section><br \/>\n<div   class='hr hr-default   avia-builder-el-3  el_after_av_textblock  el_before_av_textblock '><span class='hr-inner ' ><span class='hr-inner-style'><\/span><\/span><\/div><br \/>\n<section class=\"av_textblock_section \"  itemscope=\"itemscope\" itemtype=\"https:\/\/schema.org\/CreativeWork\" ><div class='avia_textblock  '   itemprop=\"text\" ><p style=\"text-align: center;\">M\u0113s iesak\u0101m baud\u012bt tradicion\u0101los latvie\u0161u virtuves \u0113dienus, ko pied\u0101v\u0101 m\u016bsu partneri:<\/p>\n<\/div><\/section><\/p><\/div>\n<div class=\"flex_column av_one_half  flex_column_div first  avia-builder-el-5  el_after_av_one_full  el_before_av_one_half  column-top-margin\" style='padding:0px 0px 0px 10% ; border-radius:0px; '><section class=\"av_textblock_section \"  itemscope=\"itemscope\" itemtype=\"https:\/\/schema.org\/CreativeWork\" ><div class='avia_textblock  '   itemprop=\"text\" ><h2>R\u016bdolfs, Krodzi\u0146\u0161<\/h2>\n<div style=\"margin-top: 30px;\">\n<p>Blauma\u0146a iela 3, Koknese, Kokneses pagasts, LV-5113<\/p>\n<p><strong>\u041a\u043e\u043d\u0442\u0430\u043a\u0442\u043d\u044b\u0439 \u0442\u0435\u043b\u0435\u0444\u043e\u043d:<\/strong> +371 26 514 096<\/div>\n<\/div><\/section><\/div>\n<div class=\"flex_column av_one_half  flex_column_div   avia-builder-el-7  el_after_av_one_half  el_before_av_one_full  column-top-margin\" style='padding:0px 0px 0px 10% ; border-radius:0px; '><section class=\"av_textblock_section \"  itemscope=\"itemscope\" itemtype=\"https:\/\/schema.org\/CreativeWork\" ><div class='avia_textblock  '   itemprop=\"text\" ><h2>Krasta krogs<\/h2>\n<div style=\"margin-top: 30px;\">\n<p>Sp\u012bdolas iel\u0101 2, Aizkraukles pils\u0113t\u0101<\/p>\n<p><strong>\u041a\u043e\u043d\u0442\u0430\u043a\u0442\u043d\u044b\u0439 \u0442\u0435\u043b\u0435\u0444\u043e\u043d:<\/strong> +371 65121406, +371 28216244<\/div>\n<\/div><\/section><\/div>\n<div class=\"flex_column av_one_full  flex_column_div av-zero-column-padding first  avia-builder-el-9  el_after_av_one_half  avia-builder-el-last  column-top-margin\" style='border-radius:0px; '><div  class='avia-gallery  avia-gallery-1 deactivate_avia_lazyload avia-gallery-animate avia_animate_when_visible  avia-builder-el-10  avia-builder-el-no-sibling '  itemprop=\"image\" itemscope=\"itemscope\" itemtype=\"https:\/\/schema.org\/ImageObject\" ><div class='avia-gallery-thumb'> <a href=\"https:\/\/ranchorandevu.lv\/wp-content\/uploads\/2016\/06\/IMG_4027-1030x773.jpg\" href=\"1030\" href=\"773\" href=\"1\" href=\"https:\/\/ranchorandevu.lv\/wp-content\/uploads\/2016\/06\/IMG_4027-1030x773.jpg 1030w, https:\/\/ranchorandevu.lv\/wp-content\/uploads\/2016\/06\/IMG_4027-300x225.jpg 300w, https:\/\/ranchorandevu.lv\/wp-content\/uploads\/2016\/06\/IMG_4027-768x576.jpg 768w, https:\/\/ranchorandevu.lv\/wp-content\/uploads\/2016\/06\/IMG_4027-1500x1125.jpg 1500w, https:\/\/ranchorandevu.lv\/wp-content\/uploads\/2016\/06\/IMG_4027-705x529.jpg 705w, https:\/\/ranchorandevu.lv\/wp-content\/uploads\/2016\/06\/IMG_4027-450x338.jpg 450w, https:\/\/ranchorandevu.lv\/wp-content\/uploads\/2016\/06\/IMG_4027.jpg 1632w\" href=\"(max-width: 1030px) 100vw, 1030px\" data-rel='gallery-1' data-prev-img='https:\/\/ranchorandevu.lv\/wp-content\/uploads\/2016\/06\/IMG_4027-495x400.jpg' class='first_thumb lightbox ' data-onclick='1' title='IMG_4027'  itemprop=\"thumbnailUrl\"  ><img decoding=\"async\" class=\"wp-image-9726 avia-img-lazy-loading-not-9726\"   src=\"https:\/\/ranchorandevu.lv\/wp-content\/uploads\/2016\/06\/IMG_4027.jpg\" width=\"1632\" height=\"1224\"  title='IMG_4027' alt='' srcset=\"https:\/\/ranchorandevu.lv\/wp-content\/uploads\/2016\/06\/IMG_4027.jpg 1632w, https:\/\/ranchorandevu.lv\/wp-content\/uploads\/2016\/06\/IMG_4027-300x225.jpg 300w, https:\/\/ranchorandevu.lv\/wp-content\/uploads\/2016\/06\/IMG_4027-768x576.jpg 768w, https:\/\/ranchorandevu.lv\/wp-content\/uploads\/2016\/06\/IMG_4027-1030x773.jpg 1030w, https:\/\/ranchorandevu.lv\/wp-content\/uploads\/2016\/06\/IMG_4027-1500x1125.jpg 1500w, https:\/\/ranchorandevu.lv\/wp-content\/uploads\/2016\/06\/IMG_4027-705x529.jpg 705w, https:\/\/ranchorandevu.lv\/wp-content\/uploads\/2016\/06\/IMG_4027-450x338.jpg 450w\" sizes=\"(max-width: 1632px) 100vw, 1632px\" \/><\/a> <a href=\"https:\/\/ranchorandevu.lv\/wp-content\/uploads\/2016\/06\/IMG_3281-1030x773.jpg\" href=\"1030\" href=\"773\" href=\"1\" href=\"https:\/\/ranchorandevu.lv\/wp-content\/uploads\/2016\/06\/IMG_3281-1030x773.jpg 1030w, https:\/\/ranchorandevu.lv\/wp-content\/uploads\/2016\/06\/IMG_3281-300x225.jpg 300w, https:\/\/ranchorandevu.lv\/wp-content\/uploads\/2016\/06\/IMG_3281-768x576.jpg 768w, https:\/\/ranchorandevu.lv\/wp-content\/uploads\/2016\/06\/IMG_3281-1500x1125.jpg 1500w, https:\/\/ranchorandevu.lv\/wp-content\/uploads\/2016\/06\/IMG_3281-705x529.jpg 705w, https:\/\/ranchorandevu.lv\/wp-content\/uploads\/2016\/06\/IMG_3281-450x338.jpg 450w, https:\/\/ranchorandevu.lv\/wp-content\/uploads\/2016\/06\/IMG_3281.jpg 1632w\" href=\"(max-width: 1030px) 100vw, 1030px\" data-rel='gallery-1' data-prev-img='https:\/\/ranchorandevu.lv\/wp-content\/uploads\/2016\/06\/IMG_3281-495x400.jpg' class='lightbox ' data-onclick='2' title='IMG_3281'  itemprop=\"thumbnailUrl\"  ><img decoding=\"async\" class=\"wp-image-9662 avia-img-lazy-loading-not-9662\"   src=\"https:\/\/ranchorandevu.lv\/wp-content\/uploads\/2016\/06\/IMG_3281.jpg\" width=\"1632\" height=\"1224\"  title='IMG_3281' alt='' srcset=\"https:\/\/ranchorandevu.lv\/wp-content\/uploads\/2016\/06\/IMG_3281.jpg 1632w, https:\/\/ranchorandevu.lv\/wp-content\/uploads\/2016\/06\/IMG_3281-300x225.jpg 300w, https:\/\/ranchorandevu.lv\/wp-content\/uploads\/2016\/06\/IMG_3281-768x576.jpg 768w, https:\/\/ranchorandevu.lv\/wp-content\/uploads\/2016\/06\/IMG_3281-1030x773.jpg 1030w, https:\/\/ranchorandevu.lv\/wp-content\/uploads\/2016\/06\/IMG_3281-1500x1125.jpg 1500w, https:\/\/ranchorandevu.lv\/wp-content\/uploads\/2016\/06\/IMG_3281-705x529.jpg 705w, https:\/\/ranchorandevu.lv\/wp-content\/uploads\/2016\/06\/IMG_3281-450x338.jpg 450w\" sizes=\"(max-width: 1632px) 100vw, 1632px\" \/><\/a> <a href=\"https:\/\/ranchorandevu.lv\/wp-content\/uploads\/2016\/06\/IMG_3278-1030x773.jpg\" href=\"1030\" href=\"773\" href=\"1\" href=\"https:\/\/ranchorandevu.lv\/wp-content\/uploads\/2016\/06\/IMG_3278-1030x773.jpg 1030w, https:\/\/ranchorandevu.lv\/wp-content\/uploads\/2016\/06\/IMG_3278-300x225.jpg 300w, https:\/\/ranchorandevu.lv\/wp-content\/uploads\/2016\/06\/IMG_3278-768x576.jpg 768w, https:\/\/ranchorandevu.lv\/wp-content\/uploads\/2016\/06\/IMG_3278-1500x1125.jpg 1500w, https:\/\/ranchorandevu.lv\/wp-content\/uploads\/2016\/06\/IMG_3278-705x529.jpg 705w, https:\/\/ranchorandevu.lv\/wp-content\/uploads\/2016\/06\/IMG_3278-450x338.jpg 450w, https:\/\/ranchorandevu.lv\/wp-content\/uploads\/2016\/06\/IMG_3278.jpg 1632w\" href=\"(max-width: 1030px) 100vw, 1030px\" data-rel='gallery-1' data-prev-img='https:\/\/ranchorandevu.lv\/wp-content\/uploads\/2016\/06\/IMG_3278-495x400.jpg' class='lightbox ' data-onclick='3' title='IMG_3278'  itemprop=\"thumbnailUrl\"  ><img decoding=\"async\" class=\"wp-image-9660 avia-img-lazy-loading-not-9660\"   src=\"https:\/\/ranchorandevu.lv\/wp-content\/uploads\/2016\/06\/IMG_3278.jpg\" width=\"1632\" height=\"1224\"  title='IMG_3278' alt='' srcset=\"https:\/\/ranchorandevu.lv\/wp-content\/uploads\/2016\/06\/IMG_3278.jpg 1632w, https:\/\/ranchorandevu.lv\/wp-content\/uploads\/2016\/06\/IMG_3278-300x225.jpg 300w, https:\/\/ranchorandevu.lv\/wp-content\/uploads\/2016\/06\/IMG_3278-768x576.jpg 768w, https:\/\/ranchorandevu.lv\/wp-content\/uploads\/2016\/06\/IMG_3278-1030x773.jpg 1030w, https:\/\/ranchorandevu.lv\/wp-content\/uploads\/2016\/06\/IMG_3278-1500x1125.jpg 1500w, https:\/\/ranchorandevu.lv\/wp-content\/uploads\/2016\/06\/IMG_3278-705x529.jpg 705w, https:\/\/ranchorandevu.lv\/wp-content\/uploads\/2016\/06\/IMG_3278-450x338.jpg 450w\" sizes=\"(max-width: 1632px) 100vw, 1632px\" \/><\/a> <a href=\"https:\/\/ranchorandevu.lv\/wp-content\/uploads\/2016\/06\/IMG_3340-1030x773.jpg\" href=\"1030\" href=\"773\" href=\"1\" href=\"https:\/\/ranchorandevu.lv\/wp-content\/uploads\/2016\/06\/IMG_3340-1030x773.jpg 1030w, https:\/\/ranchorandevu.lv\/wp-content\/uploads\/2016\/06\/IMG_3340-300x225.jpg 300w, https:\/\/ranchorandevu.lv\/wp-content\/uploads\/2016\/06\/IMG_3340-768x576.jpg 768w, https:\/\/ranchorandevu.lv\/wp-content\/uploads\/2016\/06\/IMG_3340-1500x1125.jpg 1500w, https:\/\/ranchorandevu.lv\/wp-content\/uploads\/2016\/06\/IMG_3340-705x529.jpg 705w, https:\/\/ranchorandevu.lv\/wp-content\/uploads\/2016\/06\/IMG_3340-450x338.jpg 450w, https:\/\/ranchorandevu.lv\/wp-content\/uploads\/2016\/06\/IMG_3340.jpg 1632w\" href=\"(max-width: 1030px) 100vw, 1030px\" data-rel='gallery-1' data-prev-img='https:\/\/ranchorandevu.lv\/wp-content\/uploads\/2016\/06\/IMG_3340-495x400.jpg' class='first_thumb lightbox ' data-onclick='4' title='IMG_3340'  itemprop=\"thumbnailUrl\"  ><img decoding=\"async\" class=\"wp-image-9686 avia-img-lazy-loading-not-9686\"   src=\"https:\/\/ranchorandevu.lv\/wp-content\/uploads\/2016\/06\/IMG_3340.jpg\" width=\"1632\" height=\"1224\"  title='IMG_3340' alt='' srcset=\"https:\/\/ranchorandevu.lv\/wp-content\/uploads\/2016\/06\/IMG_3340.jpg 1632w, https:\/\/ranchorandevu.lv\/wp-content\/uploads\/2016\/06\/IMG_3340-300x225.jpg 300w, https:\/\/ranchorandevu.lv\/wp-content\/uploads\/2016\/06\/IMG_3340-768x576.jpg 768w, https:\/\/ranchorandevu.lv\/wp-content\/uploads\/2016\/06\/IMG_3340-1030x773.jpg 1030w, https:\/\/ranchorandevu.lv\/wp-content\/uploads\/2016\/06\/IMG_3340-1500x1125.jpg 1500w, https:\/\/ranchorandevu.lv\/wp-content\/uploads\/2016\/06\/IMG_3340-705x529.jpg 705w, https:\/\/ranchorandevu.lv\/wp-content\/uploads\/2016\/06\/IMG_3340-450x338.jpg 450w\" sizes=\"(max-width: 1632px) 100vw, 1632px\" \/><\/a> <a href=\"https:\/\/ranchorandevu.lv\/wp-content\/uploads\/2016\/06\/IMG_3335-1030x773.jpg\" href=\"1030\" href=\"773\" href=\"1\" href=\"https:\/\/ranchorandevu.lv\/wp-content\/uploads\/2016\/06\/IMG_3335-1030x773.jpg 1030w, https:\/\/ranchorandevu.lv\/wp-content\/uploads\/2016\/06\/IMG_3335-300x225.jpg 300w, https:\/\/ranchorandevu.lv\/wp-content\/uploads\/2016\/06\/IMG_3335-768x576.jpg 768w, https:\/\/ranchorandevu.lv\/wp-content\/uploads\/2016\/06\/IMG_3335-1500x1125.jpg 1500w, https:\/\/ranchorandevu.lv\/wp-content\/uploads\/2016\/06\/IMG_3335-705x529.jpg 705w, https:\/\/ranchorandevu.lv\/wp-content\/uploads\/2016\/06\/IMG_3335-450x338.jpg 450w, https:\/\/ranchorandevu.lv\/wp-content\/uploads\/2016\/06\/IMG_3335.jpg 1632w\" href=\"(max-width: 1030px) 100vw, 1030px\" data-rel='gallery-1' data-prev-img='https:\/\/ranchorandevu.lv\/wp-content\/uploads\/2016\/06\/IMG_3335-495x400.jpg' class='lightbox ' data-onclick='5' title='IMG_3335'  itemprop=\"thumbnailUrl\"  ><img decoding=\"async\" class=\"wp-image-9684 avia-img-lazy-loading-not-9684\"   src=\"https:\/\/ranchorandevu.lv\/wp-content\/uploads\/2016\/06\/IMG_3335.jpg\" width=\"1632\" height=\"1224\"  title='IMG_3335' alt='' srcset=\"https:\/\/ranchorandevu.lv\/wp-content\/uploads\/2016\/06\/IMG_3335.jpg 1632w, https:\/\/ranchorandevu.lv\/wp-content\/uploads\/2016\/06\/IMG_3335-300x225.jpg 300w, https:\/\/ranchorandevu.lv\/wp-content\/uploads\/2016\/06\/IMG_3335-768x576.jpg 768w, https:\/\/ranchorandevu.lv\/wp-content\/uploads\/2016\/06\/IMG_3335-1030x773.jpg 1030w, https:\/\/ranchorandevu.lv\/wp-content\/uploads\/2016\/06\/IMG_3335-1500x1125.jpg 1500w, https:\/\/ranchorandevu.lv\/wp-content\/uploads\/2016\/06\/IMG_3335-705x529.jpg 705w, https:\/\/ranchorandevu.lv\/wp-content\/uploads\/2016\/06\/IMG_3335-450x338.jpg 450w\" sizes=\"(max-width: 1632px) 100vw, 1632px\" \/><\/a> <a href=\"https:\/\/ranchorandevu.lv\/wp-content\/uploads\/2016\/06\/IMG_3282-1030x773.jpg\" href=\"1030\" href=\"773\" href=\"1\" href=\"https:\/\/ranchorandevu.lv\/wp-content\/uploads\/2016\/06\/IMG_3282-1030x773.jpg 1030w, https:\/\/ranchorandevu.lv\/wp-content\/uploads\/2016\/06\/IMG_3282-300x225.jpg 300w, https:\/\/ranchorandevu.lv\/wp-content\/uploads\/2016\/06\/IMG_3282-768x576.jpg 768w, https:\/\/ranchorandevu.lv\/wp-content\/uploads\/2016\/06\/IMG_3282-1500x1125.jpg 1500w, https:\/\/ranchorandevu.lv\/wp-content\/uploads\/2016\/06\/IMG_3282-705x529.jpg 705w, https:\/\/ranchorandevu.lv\/wp-content\/uploads\/2016\/06\/IMG_3282-450x338.jpg 450w, https:\/\/ranchorandevu.lv\/wp-content\/uploads\/2016\/06\/IMG_3282.jpg 1632w\" href=\"(max-width: 1030px) 100vw, 1030px\" data-rel='gallery-1' data-prev-img='https:\/\/ranchorandevu.lv\/wp-content\/uploads\/2016\/06\/IMG_3282-495x400.jpg' class='lightbox ' data-onclick='6' title='IMG_3282'  itemprop=\"thumbnailUrl\"  ><img decoding=\"async\" class=\"wp-image-9664 avia-img-lazy-loading-not-9664\"   src=\"https:\/\/ranchorandevu.lv\/wp-content\/uploads\/2016\/06\/IMG_3282.jpg\" width=\"1632\" height=\"1224\"  title='IMG_3282' alt='' srcset=\"https:\/\/ranchorandevu.lv\/wp-content\/uploads\/2016\/06\/IMG_3282.jpg 1632w, https:\/\/ranchorandevu.lv\/wp-content\/uploads\/2016\/06\/IMG_3282-300x225.jpg 300w, https:\/\/ranchorandevu.lv\/wp-content\/uploads\/2016\/06\/IMG_3282-768x576.jpg 768w, https:\/\/ranchorandevu.lv\/wp-content\/uploads\/2016\/06\/IMG_3282-1030x773.jpg 1030w, https:\/\/ranchorandevu.lv\/wp-content\/uploads\/2016\/06\/IMG_3282-1500x1125.jpg 1500w, https:\/\/ranchorandevu.lv\/wp-content\/uploads\/2016\/06\/IMG_3282-705x529.jpg 705w, https:\/\/ranchorandevu.lv\/wp-content\/uploads\/2016\/06\/IMG_3282-450x338.jpg 450w\" sizes=\"(max-width: 1632px) 100vw, 1632px\" \/><\/a> <a href=\"https:\/\/ranchorandevu.lv\/wp-content\/uploads\/2016\/06\/IMG_4022-1-1030x773.jpg\" href=\"1030\" href=\"773\" href=\"1\" href=\"https:\/\/ranchorandevu.lv\/wp-content\/uploads\/2016\/06\/IMG_4022-1-1030x773.jpg 1030w, https:\/\/ranchorandevu.lv\/wp-content\/uploads\/2016\/06\/IMG_4022-1-300x225.jpg 300w, https:\/\/ranchorandevu.lv\/wp-content\/uploads\/2016\/06\/IMG_4022-1-768x576.jpg 768w, https:\/\/ranchorandevu.lv\/wp-content\/uploads\/2016\/06\/IMG_4022-1-1500x1125.jpg 1500w, https:\/\/ranchorandevu.lv\/wp-content\/uploads\/2016\/06\/IMG_4022-1-705x529.jpg 705w, https:\/\/ranchorandevu.lv\/wp-content\/uploads\/2016\/06\/IMG_4022-1-450x338.jpg 450w, https:\/\/ranchorandevu.lv\/wp-content\/uploads\/2016\/06\/IMG_4022-1.jpg 1632w\" href=\"(max-width: 1030px) 100vw, 1030px\" data-rel='gallery-1' data-prev-img='https:\/\/ranchorandevu.lv\/wp-content\/uploads\/2016\/06\/IMG_4022-1-495x400.jpg' class='first_thumb lightbox ' data-onclick='7' title='IMG_4022'  itemprop=\"thumbnailUrl\"  ><img decoding=\"async\" class=\"wp-image-9724 avia-img-lazy-loading-not-9724\"   src=\"https:\/\/ranchorandevu.lv\/wp-content\/uploads\/2016\/06\/IMG_4022-1.jpg\" width=\"1632\" height=\"1224\"  title='IMG_4022' alt='' srcset=\"https:\/\/ranchorandevu.lv\/wp-content\/uploads\/2016\/06\/IMG_4022-1.jpg 1632w, https:\/\/ranchorandevu.lv\/wp-content\/uploads\/2016\/06\/IMG_4022-1-300x225.jpg 300w, https:\/\/ranchorandevu.lv\/wp-content\/uploads\/2016\/06\/IMG_4022-1-768x576.jpg 768w, https:\/\/ranchorandevu.lv\/wp-content\/uploads\/2016\/06\/IMG_4022-1-1030x773.jpg 1030w, https:\/\/ranchorandevu.lv\/wp-content\/uploads\/2016\/06\/IMG_4022-1-1500x1125.jpg 1500w, https:\/\/ranchorandevu.lv\/wp-content\/uploads\/2016\/06\/IMG_4022-1-705x529.jpg 705w, https:\/\/ranchorandevu.lv\/wp-content\/uploads\/2016\/06\/IMG_4022-1-450x338.jpg 450w\" sizes=\"(max-width: 1632px) 100vw, 1632px\" \/><\/a> <a href=\"https:\/\/ranchorandevu.lv\/wp-content\/uploads\/2016\/06\/IMG_4019-1030x773.jpg\" href=\"1030\" href=\"773\" href=\"1\" href=\"https:\/\/ranchorandevu.lv\/wp-content\/uploads\/2016\/06\/IMG_4019-1030x773.jpg 1030w, https:\/\/ranchorandevu.lv\/wp-content\/uploads\/2016\/06\/IMG_4019-300x225.jpg 300w, https:\/\/ranchorandevu.lv\/wp-content\/uploads\/2016\/06\/IMG_4019-768x576.jpg 768w, https:\/\/ranchorandevu.lv\/wp-content\/uploads\/2016\/06\/IMG_4019-1500x1125.jpg 1500w, https:\/\/ranchorandevu.lv\/wp-content\/uploads\/2016\/06\/IMG_4019-705x529.jpg 705w, https:\/\/ranchorandevu.lv\/wp-content\/uploads\/2016\/06\/IMG_4019-450x338.jpg 450w, https:\/\/ranchorandevu.lv\/wp-content\/uploads\/2016\/06\/IMG_4019.jpg 1632w\" href=\"(max-width: 1030px) 100vw, 1030px\" data-rel='gallery-1' data-prev-img='https:\/\/ranchorandevu.lv\/wp-content\/uploads\/2016\/06\/IMG_4019-495x400.jpg' class='lightbox ' data-onclick='8' title='IMG_4019'  itemprop=\"thumbnailUrl\"  ><img decoding=\"async\" class=\"wp-image-9720 avia-img-lazy-loading-not-9720\"   src=\"https:\/\/ranchorandevu.lv\/wp-content\/uploads\/2016\/06\/IMG_4019.jpg\" width=\"1632\" height=\"1224\"  title='IMG_4019' alt='' srcset=\"https:\/\/ranchorandevu.lv\/wp-content\/uploads\/2016\/06\/IMG_4019.jpg 1632w, https:\/\/ranchorandevu.lv\/wp-content\/uploads\/2016\/06\/IMG_4019-300x225.jpg 300w, https:\/\/ranchorandevu.lv\/wp-content\/uploads\/2016\/06\/IMG_4019-768x576.jpg 768w, https:\/\/ranchorandevu.lv\/wp-content\/uploads\/2016\/06\/IMG_4019-1030x773.jpg 1030w, https:\/\/ranchorandevu.lv\/wp-content\/uploads\/2016\/06\/IMG_4019-1500x1125.jpg 1500w, https:\/\/ranchorandevu.lv\/wp-content\/uploads\/2016\/06\/IMG_4019-705x529.jpg 705w, https:\/\/ranchorandevu.lv\/wp-content\/uploads\/2016\/06\/IMG_4019-450x338.jpg 450w\" sizes=\"(max-width: 1632px) 100vw, 1632px\" \/><\/a> <a href=\"https:\/\/ranchorandevu.lv\/wp-content\/uploads\/2016\/06\/IMG_4020-1030x773.jpg\" href=\"1030\" href=\"773\" href=\"1\" href=\"https:\/\/ranchorandevu.lv\/wp-content\/uploads\/2016\/06\/IMG_4020-1030x773.jpg 1030w, https:\/\/ranchorandevu.lv\/wp-content\/uploads\/2016\/06\/IMG_4020-300x225.jpg 300w, https:\/\/ranchorandevu.lv\/wp-content\/uploads\/2016\/06\/IMG_4020-768x576.jpg 768w, https:\/\/ranchorandevu.lv\/wp-content\/uploads\/2016\/06\/IMG_4020-1500x1125.jpg 1500w, https:\/\/ranchorandevu.lv\/wp-content\/uploads\/2016\/06\/IMG_4020-705x529.jpg 705w, https:\/\/ranchorandevu.lv\/wp-content\/uploads\/2016\/06\/IMG_4020-450x338.jpg 450w, https:\/\/ranchorandevu.lv\/wp-content\/uploads\/2016\/06\/IMG_4020.jpg 1632w\" href=\"(max-width: 1030px) 100vw, 1030px\" data-rel='gallery-1' data-prev-img='https:\/\/ranchorandevu.lv\/wp-content\/uploads\/2016\/06\/IMG_4020-495x400.jpg' class='lightbox ' data-onclick='9' title='IMG_4020'  itemprop=\"thumbnailUrl\"  ><img decoding=\"async\" class=\"wp-image-9722 avia-img-lazy-loading-not-9722\"   src=\"https:\/\/ranchorandevu.lv\/wp-content\/uploads\/2016\/06\/IMG_4020.jpg\" width=\"1632\" height=\"1224\"  title='IMG_4020' alt='' srcset=\"https:\/\/ranchorandevu.lv\/wp-content\/uploads\/2016\/06\/IMG_4020.jpg 1632w, https:\/\/ranchorandevu.lv\/wp-content\/uploads\/2016\/06\/IMG_4020-300x225.jpg 300w, https:\/\/ranchorandevu.lv\/wp-content\/uploads\/2016\/06\/IMG_4020-768x576.jpg 768w, https:\/\/ranchorandevu.lv\/wp-content\/uploads\/2016\/06\/IMG_4020-1030x773.jpg 1030w, https:\/\/ranchorandevu.lv\/wp-content\/uploads\/2016\/06\/IMG_4020-1500x1125.jpg 1500w, https:\/\/ranchorandevu.lv\/wp-content\/uploads\/2016\/06\/IMG_4020-705x529.jpg 705w, https:\/\/ranchorandevu.lv\/wp-content\/uploads\/2016\/06\/IMG_4020-450x338.jpg 450w\" sizes=\"(max-width: 1632px) 100vw, 1632px\" \/><\/a><\/div><\/div><\/div>\n","protected":false},"excerpt":{"rendered":"","protected":false},"author":4,"featured_media":0,"parent":0,"menu_order":0,"comment_status":"open","ping_status":"closed","template":"","meta":{"footnotes":""},"_links":{"self":[{"href":"https:\/\/ranchorandevu.lv\/lv\/wp-json\/wp\/v2\/pages\/10384"}],"collection":[{"href":"https:\/\/ranchorandevu.lv\/lv\/wp-json\/wp\/v2\/pages"}],"about":[{"href":"https:\/\/ranchorandevu.lv\/lv\/wp-json\/wp\/v2\/types\/page"}],"author":[{"embeddable":true,"href":"https:\/\/ranchorandevu.lv\/lv\/wp-json\/wp\/v2\/users\/4"}],"replies":[{"embeddable":true,"href":"https:\/\/ranchorandevu.lv\/lv\/wp-json\/wp\/v2\/comments?post=10384"}],"version-history":[{"count":9,"href":"https:\/\/ranchorandevu.lv\/lv\/wp-json\/wp\/v2\/pages\/10384\/revisions"}],"predecessor-version":[{"id":10431,"href":"https:\/\/ranchorandevu.lv\/lv\/wp-json\/wp\/v2\/pages\/10384\/revisions\/10431"}],"wp:attachment":[{"href":"https:\/\/ranchorandevu.lv\/lv\/wp-json\/wp\/v2\/media?parent=10384"}],"curies":[{"name":"wp","href":"https:\/\/api.w.org\/{rel}","templated":true}]}}